{"id":294,"date":"2021-03-17T23:47:30","date_gmt":"2021-03-18T02:47:30","guid":{"rendered":"https:\/\/territorioslivres.intervozes.org.br\/?page_id=294"},"modified":"2021-07-14T17:18:11","modified_gmt":"2021-07-14T20:18:11","slug":"sobre-o-projeto","status":"publish","type":"page","link":"https:\/\/territorioslivres.intervozes.org.br\/?page_id=294","title":{"rendered":"Sobre o Projeto"},"content":{"rendered":"<p>[vc_row css_animation=&#8221;&#8221; row_type=&#8221;row&#8221; use_row_as_full_screen_section=&#8221;no&#8221; type=&#8221;grid&#8221; angled_section=&#8221;no&#8221; text_align=&#8221;left&#8221; background_image_as_pattern=&#8221;without_pattern&#8221; anchor=&#8221;About&#8221; padding_top=&#8221;153&#8243; z_index=&#8221;&#8221; css=&#8221;.vc_custom_1620672890555{background-image: url(http:\/\/territorioslivres.intervozes.org.br\/wp-content\/uploads\/2021\/03\/BANNER-01.png?id=367) !important;background-position: center !important;background-repeat: no-repeat !important;background-size: contain !important;}&#8221;][vc_column width=&#8221;1\/4&#8243;][\/vc_column][vc_column width=&#8221;1\/2&#8243;][vc_empty_space height=&#8221;100px&#8221;][vc_column_text]<\/p>\n<h1 style=\"text-align: center;\"><span style=\"color: #ffffff;\">Sobre o Projeto<\/span><\/h1>\n<p>[\/vc_column_text][vc_empty_space height=&#8221;180px&#8221;][\/vc_column][vc_column width=&#8221;1\/4&#8243;][\/vc_column][\/vc_row][vc_row css_animation=&#8221;&#8221; row_type=&#8221;row&#8221; use_row_as_full_screen_section=&#8221;yes&#8221; type=&#8221;grid&#8221; angled_section=&#8221;no&#8221; text_align=&#8221;center&#8221; background_image_as_pattern=&#8221;without_pattern&#8221; row_negative_margin=&#8221;disable_negative_margin&#8221; anchor=&#8221;Home&#8221; padding_top=&#8221;15&#8243; z_index=&#8221;&#8221; css=&#8221;.vc_custom_1626192942831{margin-right: 150px !important;margin-left: 150px !important;padding-top: 50px !important;}&#8221;][vc_column width=&#8221;1\/4&#8243; offset=&#8221;vc_hidden-xs&#8221;][vc_column_text]<\/p>\n<h1 style=\"text-align: left;\">O Projeto<\/h1>\n<p>[\/vc_column_text][vc_empty_space height=&#8221;120px&#8221;][\/vc_column][vc_column width=&#8221;1\/2&#8243; css=&#8221;.vc_custom_1617227992731{margin-right: 100px !important;}&#8221; offset=&#8221;vc_hidden-xs&#8221;][vc_column_text css=&#8221;.vc_custom_1626192126087{padding-bottom: 15px !important;}&#8221;]<\/p>\n<h6 style=\"text-align: justify;\">Para enfrentar o desafio da luta pelo territ\u00f3rio, por justi\u00e7a socioambiental e a promo\u00e7\u00e3o de uma Internet livre, o projeto <strong>Territ\u00f3rios Livres, Tecnologias Livres<\/strong> prop\u00f5e-se a produzir um mapeamento coletivo do acesso, usos e concep\u00e7\u00f5es sobre a Internet e as Tecnologias da Informa\u00e7\u00e3o e Comunica\u00e7\u00e3o por comunidades quilombolas e rurais do nordeste brasileiro.<\/h6>\n<p>&nbsp;<\/p>\n<h6 style=\"text-align: justify;\">O mapeamento se baseia num processo de forma\u00e7\u00e3o e troca entre as agendas de luta em defesa dos territ\u00f3rios e por uma Internet livre. \u00c9, assim, a primeira etapa de um processo de articula\u00e7\u00e3o e forma\u00e7\u00e3o que aponta para a constru\u00e7\u00e3o de contra narrativas e disputa epistemol\u00f3gica sobre Internet e TICS \u2013 a partir de uma vis\u00e3o feminista, antirracista e comprometida com a justi\u00e7a socioambiental.<\/h6>\n<h6><\/h6>\n<p>&nbsp;<\/p>\n<h6 style=\"text-align: justify;\">Aponta tamb\u00e9m para a produ\u00e7\u00e3o de insumos para a incid\u00eancia junto aos centros de poder por pol\u00edticas p\u00fablicas de acesso e usos da Internet e TICs, al\u00e9m do fortalecimento e constru\u00e7\u00e3o de apropria\u00e7\u00f5es aut\u00f4nomas destas tecnologias em di\u00e1logo com tecnologias ancestrais e modos de vida tradicionais.<\/h6>\n<h6><\/h6>\n<p>&nbsp;<\/p>\n<h6 style=\"text-align: justify;\">Neste \u00e2mbito, as mulheres, a quem cabe historicamente a fun\u00e7\u00e3o de produ\u00e7\u00e3o e reprodu\u00e7\u00e3o da vida e, tamb\u00e9m por isso, t\u00eam protagonismo sobre as resist\u00eancias e a constru\u00e7\u00e3o de alternativas aut\u00f4nomas ao modelo de desenvolvimento posto, ter\u00e3o papel central na sistematiza\u00e7\u00e3o do conhecimento\u00a0neste projeto.<\/h6>\n<h6><\/h6>\n<p>&nbsp;<\/p>\n<h6 style=\"text-align: justify;\"><strong>Territ\u00f3rios Livres, Tecnologias Livres <\/strong>\u00e9 uma iniciativa coletiva da Intervozes \u2013 Coletivo Brasil de Comunica\u00e7\u00e3o Social, da Coordena\u00e7\u00e3o Nacional de Comunidades Negras Rurais Quilombolas (CONAQ) e do Movimento de Mulheres Trabalhadoras Rurais do Nordeste (MMTR\/NE), com financiamento da Associa\u00e7\u00e3o para o Progresso das Comunica\u00e7\u00f5es (APC).<\/h6>\n<p>[\/vc_column_text][\/vc_column][vc_column width=&#8221;1\/4&#8243; offset=&#8221;vc_hidden-xs&#8221;][\/vc_column][\/vc_row][vc_row css_animation=&#8221;&#8221; row_type=&#8221;row&#8221; use_row_as_full_screen_section=&#8221;yes&#8221; type=&#8221;grid&#8221; angled_section=&#8221;no&#8221; text_align=&#8221;center&#8221; background_image_as_pattern=&#8221;without_pattern&#8221; row_negative_margin=&#8221;disable_negative_margin&#8221; anchor=&#8221;Home&#8221; padding_top=&#8221;15&#8243; z_index=&#8221;&#8221;][vc_column width=&#8221;1\/2&#8243; css=&#8221;.vc_custom_1617228039196{margin-right: 100px !important;}&#8221; offset=&#8221;vc_hidden-lg vc_hidden-md vc_hidden-sm&#8221;][vc_column_text]<\/p>\n<h1 style=\"text-align: left;\">O Projeto<\/h1>\n<p>[\/vc_column_text][vc_empty_space height=&#8221;120px&#8221;][vc_column_text css=&#8221;.vc_custom_1626190270024{padding-bottom: 15px !important;}&#8221;]<\/p>\n<h6 style=\"text-align: justify;\">Para enfrentar o desafio da luta pelo territ\u00f3rio, por justi\u00e7a socioambiental e a promo\u00e7\u00e3o de uma Internet livre, o projeto <strong>Territ\u00f3rios Livres, Tecnologias Livres<\/strong> prop\u00f5e-se a produzir um mapeamento coletivo do acesso, usos e concep\u00e7\u00f5es sobre a Internet e as Tecnologias da Informa\u00e7\u00e3o e Comunica\u00e7\u00e3o por comunidades quilombolas e rurais do nordeste brasileiro.<\/h6>\n<p>&nbsp;<\/p>\n<h6 style=\"text-align: justify;\">O mapeamento se baseia num processo de forma\u00e7\u00e3o e troca entre as agendas de luta em defesa dos territ\u00f3rios e por uma Internet livre. \u00c9, assim, a primeira etapa de um processo de articula\u00e7\u00e3o e forma\u00e7\u00e3o que aponta para a constru\u00e7\u00e3o de contra narrativas e disputa epistemol\u00f3gica sobre Internet e TICS \u2013 a partir de uma vis\u00e3o feminista, antirracista e comprometida com a justi\u00e7a socioambiental.<\/h6>\n<h6><\/h6>\n<h6 style=\"text-align: justify;\">Aponta tamb\u00e9m para a produ\u00e7\u00e3o de insumos para a incid\u00eancia junto aos centros de poder por pol\u00edticas p\u00fablicas de acesso e usos da Internet e TICs, al\u00e9m do fortalecimento e constru\u00e7\u00e3o de apropria\u00e7\u00f5es aut\u00f4nomas destas tecnologias em di\u00e1logo com tecnologias ancestrais e modos de vida tradicionais.<\/h6>\n<h6><\/h6>\n<h6 style=\"text-align: justify;\">Neste \u00e2mbito, as mulheres, a quem cabe historicamente a fun\u00e7\u00e3o de produ\u00e7\u00e3o e reprodu\u00e7\u00e3o da vida e, tamb\u00e9m por isso, t\u00eam protagonismo sobre as resist\u00eancias e a constru\u00e7\u00e3o de alternativas aut\u00f4nomas ao modelo de desenvolvimento posto, ter\u00e3o papel central na sistematiza\u00e7\u00e3o do conhecimento\u00a0neste projeto.<\/h6>\n<h6><\/h6>\n<h6 style=\"text-align: justify;\"><strong>Territ\u00f3rios Livres, Tecnologias Livres <\/strong>\u00e9 uma iniciativa coletiva da Intervozes \u2013 Coletivo Brasil de Comunica\u00e7\u00e3o Social, da Coordena\u00e7\u00e3o Nacional de Comunidades Negras Rurais Quilombolas (CONAQ) e do Movimento de Mulheres Trabalhadoras Rurais do Nordeste (MMTR\/NE), com financiamento da Associa\u00e7\u00e3o para o Progresso das Comunica\u00e7\u00f5es (APC).<\/h6>\n<p>[\/vc_column_text][\/vc_column][\/vc_row][vc_row css_animation=&#8221;&#8221; row_type=&#8221;row&#8221; use_row_as_full_screen_section=&#8221;no&#8221; type=&#8221;grid&#8221; angled_section=&#8221;no&#8221; text_align=&#8221;center&#8221; background_image_as_pattern=&#8221;without_pattern&#8221; row_negative_margin=&#8221;disable_negative_margin&#8221; anchor=&#8221;Home&#8221; padding_top=&#8221;15&#8243; z_index=&#8221;&#8221; css=&#8221;.vc_custom_1595211109081{margin-right: 150px !important;margin-left: 150px !important;padding-top: 150px !important;}&#8221;][vc_column width=&#8221;1\/4&#8243; offset=&#8221;vc_hidden-xs&#8221;][vc_column_text]<\/p>\n<h2 style=\"text-align: left;\">Territ\u00f3rios<br \/>\nparticipantes<\/h2>\n<p>[\/vc_column_text][vc_empty_space height=&#8221;30px&#8221;][vc_single_image image=&#8221;392&#8243; img_size=&#8221;220&#215;230&#8243; qode_css_animation=&#8221;&#8221;][\/vc_column][vc_column width=&#8221;1\/2&#8243; css=&#8221;.vc_custom_1617287782618{margin-right: 100px !important;}&#8221; offset=&#8221;vc_hidden-xs&#8221;][vc_column_text css=&#8221;.vc_custom_1626293766069{padding-bottom: 15px !important;}&#8221;]<\/p>\n<h6 style=\"text-align: left;\">O projeto <strong>Territ\u00f3rios Livres, Tecnologias Livres <\/strong>abrange os seguintes 33 territ\u00f3rios quilombolas e rurais nos nove estados do Nordeste do Brasil.<\/h6>\n<h6 style=\"text-align: left;\"><strong>\u00a0<\/strong><\/h6>\n<h6 style=\"text-align: left;\"><em>Comunidades rurais<\/em><\/h6>\n<h6 style=\"text-align: left;\">1 \u2013 Assentamento Penha II, Alagoa Grande (PB)<br \/>\n2 \u2013 S\u00edtio Cabral, Mogeiro (PB)<br \/>\n3 \u2013 Gravat\u00e1, Massaranduba (PB)<br \/>\n4 \u2013 Lagoa do Cumbe, Massaranduba (PB)<br \/>\n5 \u2013 Aldeia \u00a0Ind\u00edgena Tabajara Barra de Gramame, Conde (PB)<br \/>\n6 \u2013 Gameleira, Massaranduba (PB)<br \/>\n7 \u2013 Assentamento Vit\u00f3ria da Uni\u00e3o, Santa Luzia do Itanhy (SE)<br \/>\n8 \u2013 Serr\u00e3o, Ilha das Flores (SE)<br \/>\n9 \u2013 S\u00e3o Bento, Salgado (SE)<br \/>\n10 \u2013 V\u00e1rzea da Pedra, Santa Luz (BA)<br \/>\n11 \u2013 Lagoa do Canto, Teofil\u00e2ndia (BA)<br \/>\n12 \u2013 Bela Vista, Igreja Nova (AL)<br \/>\n13 \u2013 Vista Alegre, Igreja Nova (AL)<br \/>\n14 \u2013 Ilha das Antas, Igreja Nova (AL)<br \/>\n15 \u2013 Sap\u00e9, Igreja Nova (AL)<br \/>\n16 \u2013 Chinar\u00e9,\u00a0 Igreja Nova (AL)<\/h6>\n<p>&nbsp;<\/p>\n<h6 style=\"text-align: left;\"><em>Territ\u00f3rios quilombolas<\/em><\/h6>\n<h6 style=\"text-align: left;\">1 \u2013 Quilombo Maruim, Icatu (MA)<br \/>\n2 \u2013 Quilombo Santa Rosa dos Pretos, Itapecuru-Mirim (MA)<br \/>\n3 \u2013 Quilombo Tanque de Valen\u00e7a, Matinha (MA)<br \/>\n4 \u2013 Territ\u00f3rio Rampa, Vargem Grande (MA)<br \/>\n5 \u2013 Quilombo Macambira, Lagoa Nova (RN)<br \/>\n6 \u2013 Quilombo Gameleira, S\u00e3o Tom\u00e9 (RN)<br \/>\n7 \u2013 Quilombo Jatob\u00e1, Pat\u00fa (RN)<br \/>\n8 \u2013 Quilombo Nazar\u00e9, Itapipoca (CE)<br \/>\n9 \u2013 Quilombo Bom Sucesso, Novo Oriente (CE)<br \/>\n10 \u2013 Quilombo Consci\u00eancia Negra, Tau\u00e1 (CE)<br \/>\n11 \u2013 Quilombo Timb\u00f3, Garanhuns (PE)<br \/>\n12 \u2013 Quilombo Leit\u00e3o da Carapu\u00e7a, Afogados da Ingazeira (PE)<br \/>\n13 \u2013 Quilombo Siqueira, Rio Formoso (PE)<br \/>\n14 \u2013 Quilombo Macacos, S\u00e3o Miguel do Tapuio (PI)<br \/>\n15 \u2013 Quilombo S\u00e3o Martins, Paulistana (PI)<br \/>\n16 \u2013 Quilombo Sumidouro, Queimada Nova (PI)<br \/>\n17 \u2013 Quilombo Caiana dos Crioulos, Alagoa Grande (PB)<\/h6>\n<p>[\/vc_column_text][vc_empty_space height=&#8221;50px&#8221;][vc_column_text]<\/p>\n<h3>Saiba mais sobre o projeto<\/h3>\n<p>[\/vc_column_text][vc_empty_space height=&#8221;15px&#8221;]<div class=\"qode_video_box\">\n\t<a itemprop=\"image\" class=\"qode_video_image\" href=\"https:\/\/www.youtube.com\/watch?v=o0rz27m3gxs\" data-rel=\"prettyPhoto\">\n\t\t\t\n\t\t\t<img decoding=\"async\" src=\"https:\/\/territorioslivres.intervozes.org.br\/wp-content\/uploads\/2021\/03\/ELEMENTOSPrancheta-3.png\" \/>\n\t\t\t<span class=\"qode_video_box_button_holder\">\n\t\t\t\t<span class=\"qode_video_box_button\">\n\t\t\t\t\t<span class=\"qode_video_box_button_arrow\">\n\t\t\t\t\t<\/span>\n\t\t\t\t<\/span>\n\t\t\t<\/span>\n\t\t\t<\/a>\n<\/div>[\/vc_column][vc_column width=&#8221;1\/4&#8243; offset=&#8221;vc_hidden-xs&#8221;][\/vc_column][\/vc_row][vc_row css_animation=&#8221;&#8221; row_type=&#8221;row&#8221; use_row_as_full_screen_section=&#8221;no&#8221; type=&#8221;grid&#8221; angled_section=&#8221;no&#8221; text_align=&#8221;center&#8221; background_image_as_pattern=&#8221;without_pattern&#8221; row_negative_margin=&#8221;disable_negative_margin&#8221; anchor=&#8221;Home&#8221; padding_top=&#8221;15&#8243; z_index=&#8221;&#8221;][vc_column css=&#8221;.vc_custom_1617287817955{margin-right: 100px !important;}&#8221; offset=&#8221;vc_hidden-lg vc_hidden-md vc_hidden-sm&#8221;][vc_column_text]<\/p>\n<h2 style=\"text-align: left;\">Territ\u00f3rios<br \/>\nparticipantes<\/h2>\n<p>[\/vc_column_text][vc_empty_space height=&#8221;30px&#8221;][vc_single_image image=&#8221;392&#8243; img_size=&#8221;220&#215;230&#8243; qode_css_animation=&#8221;&#8221;][vc_column_text css=&#8221;.vc_custom_1626293753177{padding-bottom: 15px !important;}&#8221;]<\/p>\n<h6 style=\"text-align: left;\">O projeto <strong>Territ\u00f3rios Livres, Tecnologias Livres <\/strong>abrange os seguintes 33 territ\u00f3rios quilombolas e rurais nos nove estados do Nordeste do Brasil.<\/h6>\n<h6 style=\"text-align: left;\"><strong>\u00a0<\/strong><\/h6>\n<h6 style=\"text-align: left;\"><em>Comunidades rurais<\/em><\/h6>\n<h6 style=\"text-align: left;\">1 \u2013 Assentamento Penha II, Alagoa Grande (PB)<br \/>\n2 \u2013 S\u00edtio Cabral, Mogeiro (PB)<br \/>\n3 \u2013 Gravat\u00e1, Massaranduba (PB)<br \/>\n4 \u2013 Lagoa do Cumbe, Massaranduba (PB)<br \/>\n5 \u2013 Aldeia \u00a0Ind\u00edgena Tabajara Barra de Gramame, Conde (PB)<br \/>\n6 \u2013 Gameleira, Massaranduba (PB)<br \/>\n7 \u2013 Assentamento Vit\u00f3ria da Uni\u00e3o, Santa Luzia do Itanhy (SE)<br \/>\n8 \u2013 Serr\u00e3o, Ilha das Flores (SE)<br \/>\n9 \u2013 S\u00e3o Bento, Salgado (SE)<br \/>\n10 \u2013 V\u00e1rzea da Pedra, Santa Luz (BA)<br \/>\n11 \u2013 Lagoa do Canto, Teofil\u00e2ndia (BA)<br \/>\n12 \u2013 Bela Vista, Igreja Nova (AL)<br \/>\n13 \u2013 Vista Alegre, Igreja Nova (AL)<br \/>\n14 \u2013 Ilha das Antas, Igreja Nova (AL)<br \/>\n15 \u2013 Sap\u00e9, Igreja Nova (AL)<br \/>\n16 \u2013 Chinar\u00e9,\u00a0 Igreja Nova (AL)<\/h6>\n<p>&nbsp;<\/p>\n<h6 style=\"text-align: left;\"><em>Territ\u00f3rios quilombolas<\/em><\/h6>\n<h6 style=\"text-align: left;\">1 \u2013 Quilombo Maruim, Icatu (MA)<br \/>\n2 \u2013 Quilombo Santa Rosa dos Pretos, Itapecuru-Mirim (MA)<br \/>\n3 \u2013 Quilombo Tanque de Valen\u00e7a, Matinha (MA)<br \/>\n4 \u2013 Territ\u00f3rio Rampa, Vargem Grande (MA)<br \/>\n5 \u2013 Quilombo Macambira, Lagoa Nova (RN)<br \/>\n6 \u2013 Quilombo Gameleira, S\u00e3o Tom\u00e9 (RN)<br \/>\n7 \u2013 Quilombo Jatob\u00e1, Pat\u00fa (RN)<br \/>\n8 \u2013 Quilombo Nazar\u00e9, Itapipoca (CE)<br \/>\n9 \u2013 Quilombo Bom Sucesso, Novo Oriente (CE)<br \/>\n10 \u2013 Quilombo Consci\u00eancia Negra, Tau\u00e1 (CE)<br \/>\n11 \u2013 Quilombo Timb\u00f3, Garanhuns (PE)<br \/>\n12 \u2013 Quilombo Leit\u00e3o da Carapu\u00e7a, Afogados da Ingazeira (PE)<br \/>\n13 \u2013 Quilombo Siqueira, Rio Formoso (PE)<br \/>\n14 \u2013 Quilombo Macacos, S\u00e3o Miguel do Tapuio (PI)<br \/>\n15 \u2013 Quilombo S\u00e3o Martins, Paulistana (PI)<br \/>\n16 \u2013 Quilombo Sumidouro, Queimada Nova (PI)<br \/>\n17 \u2013 Quilombo Caiana dos Crioulos, Alagoa Grande (PB)<\/h6>\n<p>[\/vc_column_text][vc_empty_space height=&#8221;50px&#8221;][vc_column_text]<\/p>\n<h3>Saiba mais sobre o projeto<\/h3>\n<p>[\/vc_column_text][vc_empty_space height=&#8221;15px&#8221;]<div class=\"qode_video_box\">\n\t<a itemprop=\"image\" class=\"qode_video_image\" href=\"https:\/\/www.youtube.com\/watch?v=o0rz27m3gxs\" data-rel=\"prettyPhoto\">\n\t\t\t\n\t\t\t<img decoding=\"async\" src=\"https:\/\/territorioslivres.intervozes.org.br\/wp-content\/uploads\/2021\/03\/ELEMENTOSPrancheta-3.png\" \/>\n\t\t\t<span class=\"qode_video_box_button_holder\">\n\t\t\t\t<span class=\"qode_video_box_button\">\n\t\t\t\t\t<span class=\"qode_video_box_button_arrow\">\n\t\t\t\t\t<\/span>\n\t\t\t\t<\/span>\n\t\t\t<\/span>\n\t\t\t<\/a>\n<\/div>[\/vc_column][\/vc_row][vc_row css_animation=&#8221;&#8221; row_type=&#8221;row&#8221; use_row_as_full_screen_section=&#8221;no&#8221; type=&#8221;grid&#8221; in_content_menu=&#8221;in_content_menu&#8221; content_menu_icon=&#8221;&#8221; angled_section=&#8221;no&#8221; text_align=&#8221;left&#8221; background_image_as_pattern=&#8221;without_pattern&#8221; row_negative_margin=&#8221;disable_negative_margin&#8221; z_index=&#8221;&#8221; css=&#8221;.vc_custom_1626192305218{padding-top: 100px !important;padding-right: 180px !important;padding-bottom: 20px !important;padding-left: 100px !important;}&#8221; content_menu_title=&#8221;Linha1&#8243;][vc_column css=&#8221;.vc_custom_1594627303930{margin-top: -6% !important;}&#8221;][vc_empty_space][\/vc_column][\/vc_row][vc_row css_animation=&#8221;&#8221; row_type=&#8221;row&#8221; use_row_as_full_screen_section=&#8221;no&#8221; type=&#8221;full_width&#8221; angled_section=&#8221;no&#8221; text_align=&#8221;left&#8221; background_image_as_pattern=&#8221;without_pattern&#8221;][vc_column][vc_empty_space height=&#8221;50px&#8221;][vc_empty_space height=&#8221;50px&#8221;][\/vc_column][\/vc_row]<\/p>\n","protected":false},"excerpt":{"rendered":"<p>[vc_row css_animation=&#8221;&#8221; row_type=&#8221;row&#8221; use_row_as_full_screen_section=&#8221;no&#8221; type=&#8221;grid&#8221; angled_section=&#8221;no&#8221; text_align=&#8221;left&#8221; background_image_as_pattern=&#8221;without_pattern&#8221; anchor=&#8221;About&#8221; padding_top=&#8221;153&#8243; z_index=&#8221;&#8221; css=&#8221;.vc_custom_1620672890555{background-image: url(http:\/\/territorioslivres.intervozes.org.br\/wp-content\/uploads\/2021\/03\/BANNER-01.png?id=367) !important;background-position: center&#8230;<\/p>\n","protected":false},"author":1,"featured_media":0,"parent":0,"menu_order":0,"comment_status":"closed","ping_status":"closed","template":"elementor_header_footer","meta":{"footnotes":""},"aioseo_notices":[],"_links":{"self":[{"href":"https:\/\/territorioslivres.intervozes.org.br\/index.php?rest_route=\/wp\/v2\/pages\/294"}],"collection":[{"href":"https:\/\/territorioslivres.intervozes.org.br\/index.php?rest_route=\/wp\/v2\/pages"}],"about":[{"href":"https:\/\/territorioslivres.intervozes.org.br\/index.php?rest_route=\/wp\/v2\/types\/page"}],"author":[{"embeddable":true,"href":"https:\/\/territorioslivres.intervozes.org.br\/index.php?rest_route=\/wp\/v2\/users\/1"}],"replies":[{"embeddable":true,"href":"https:\/\/territorioslivres.intervozes.org.br\/index.php?rest_route=%2Fwp%2Fv2%2Fcomments&post=294"}],"version-history":[{"count":46,"href":"https:\/\/territorioslivres.intervozes.org.br\/index.php?rest_route=\/wp\/v2\/pages\/294\/revisions"}],"predecessor-version":[{"id":510,"href":"https:\/\/territorioslivres.intervozes.org.br\/index.php?rest_route=\/wp\/v2\/pages\/294\/revisions\/510"}],"wp:attachment":[{"href":"https:\/\/territorioslivres.intervozes.org.br\/index.php?rest_route=%2Fwp%2Fv2%2Fmedia&parent=294"}],"curies":[{"name":"wp","href":"https:\/\/api.w.org\/{rel}","templated":true}]}}