{"id":7,"date":"2018-06-15T10:47:25","date_gmt":"2018-06-15T10:47:25","guid":{"rendered":"http:\/\/bridge249.qodeinteractive.com\/?page_id=7"},"modified":"2021-07-13T12:17:21","modified_gmt":"2021-07-13T15:17:21","slug":"home","status":"publish","type":"page","link":"https:\/\/territorioslivres.intervozes.org.br\/","title":{"rendered":"Home"},"content":{"rendered":"<p>[vc_row css_animation=&#8221;&#8221; row_type=&#8221;row&#8221; use_row_as_full_screen_section=&#8221;yes&#8221; type=&#8221;full_width&#8221; angled_section=&#8221;no&#8221; text_align=&#8221;center&#8221; background_image_as_pattern=&#8221;without_pattern&#8221; anchor=&#8221;About&#8221; background_image=&#8221;1168&#8243; padding_top=&#8221;200&#8243; z_index=&#8221;&#8221; padding_bottom=&#8221;180&#8243; css=&#8221;.vc_custom_1617217738141{background-image: url(http:\/\/territorioslivres.intervozes.org.br\/wp-content\/uploads\/2021\/03\/Banners-Home.png?id=277) !important;}&#8221;][vc_column css=&#8221;.vc_custom_1616029144036{background-position: center !important;background-repeat: no-repeat !important;background-size: cover !important;}&#8221;][qode_elements_holder number_of_columns=&#8221;one_column&#8221;][qode_elements_holder_item advanced_animations=&#8221;no&#8221; item_padding=&#8221;35px 35px 35px 35px&#8221; item_padding_768_1024=&#8221;0px 0 60px 25px&#8221;][qode_content_slider_item][vc_column_text]<\/p>\n<h1><span style=\"color: #ffffff;\">Territ\u00f3rios Livres, Tecnologias Livres<\/span><\/h1>\n<p>[\/vc_column_text][vc_empty_space height=&#8221;28px&#8221;][vc_column_text]<\/p>\n<h3><span style=\"color: #ffffff;\">Mapeamento sobre internet, TICs (Tecnologias da Informa\u00e7\u00e3o e Comunica\u00e7\u00e3o) e justi\u00e7a socioambiental<\/span><br \/>\n<span style=\"color: #ffffff;\">junto \u00e0s comunidades quilombolas e rurais do Nordeste brasileiro<\/span><\/h3>\n<p>[\/vc_column_text][vc_empty_space height=&#8221;60px&#8221;]<a  itemprop=\"url\" href=\"https:\/\/territorioslivres.intervozes.org.br\/sobre\" target=\"_self\"  class=\"qbutton  small center default\" style=\"\">Sobre o Projeto<\/a>[vc_empty_space height=&#8221;40px&#8221;][\/qode_content_slider_item][\/qode_elements_holder_item][\/qode_elements_holder][\/vc_column][\/vc_row][vc_row css_animation=&#8221;&#8221; row_type=&#8221;row&#8221; use_row_as_full_screen_section=&#8221;yes&#8221; type=&#8221;grid&#8221; angled_section=&#8221;no&#8221; text_align=&#8221;center&#8221; background_image_as_pattern=&#8221;without_pattern&#8221; anchor=&#8221;About&#8221; background_image=&#8221;1172&#8243; padding_top=&#8221;153&#8243; z_index=&#8221;&#8221; padding_bottom=&#8221;153&#8243; css=&#8221;.vc_custom_1616029194333{background-image: url(http:\/\/territorioslivres.intervozes.org.br\/wp-content\/uploads\/2021\/03\/Banners-Home-TERRITORIOS.png?id=278) !important;background-position: center !important;background-repeat: no-repeat !important;background-size: cover !important;}&#8221;][vc_column][qode_elements_holder number_of_columns=&#8221;one_column&#8221;][qode_elements_holder_item advanced_animations=&#8221;no&#8221; item_padding=&#8221;35px 0 0 0&#8243; item_padding_768_1024=&#8221;0px 0 60px 25px&#8221;][vc_column_text]<\/p>\n<h1><span style=\"color: #ffffff;\">Forma\u00e7\u00e3o<\/span><\/h1>\n<p>[\/vc_column_text][vc_empty_space height=&#8221;28px&#8221;][vc_empty_space height=&#8221;40px&#8221;]<a  itemprop=\"url\" href=\"https:\/\/territorioslivres.intervozes.org.br\/formacao\" target=\"_self\"  class=\"qbutton  small center default  qode-button-shadow\" style=\"\">V\u00eddeos e sistematiza\u00e7\u00f5es gr\u00e1ficas<\/a>[\/qode_elements_holder_item][\/qode_elements_holder][\/vc_column][\/vc_row][vc_row css_animation=&#8221;&#8221; row_type=&#8221;row&#8221; use_row_as_full_screen_section=&#8221;yes&#8221; type=&#8221;grid&#8221; angled_section=&#8221;no&#8221; text_align=&#8221;center&#8221; background_image_as_pattern=&#8221;without_pattern&#8221; anchor=&#8221;About&#8221; background_image=&#8221;1176&#8243; padding_top=&#8221;153&#8243; z_index=&#8221;&#8221; padding_bottom=&#8221;153&#8243; css=&#8221;.vc_custom_1616032186054{background-image: url(http:\/\/territorioslivres.intervozes.org.br\/wp-content\/uploads\/2021\/03\/ELEMENTOSPrancheta-3.png?id=282) !important;background-position: center !important;background-repeat: no-repeat !important;background-size: cover !important;}&#8221;][vc_column][qode_elements_holder number_of_columns=&#8221;one_column&#8221;][qode_elements_holder_item advanced_animations=&#8221;no&#8221; item_padding=&#8221;35px 0 0 0&#8243; item_padding_768_1024=&#8221;0px 0 60px 25px&#8221;][vc_column_text]<\/p>\n<h1><span style=\"color: #ffffff;\">Refer\u00eancias<\/span><\/h1>\n<p>[\/vc_column_text][vc_empty_space height=&#8221;28px&#8221;][vc_empty_space height=&#8221;40px&#8221;]<a  itemprop=\"url\" href=\"https:\/\/territorioslivres.intervozes.org.br\/referencias\/\" target=\"_self\"  class=\"qbutton  small center default\" style=\"\">Acesse os t\u00edtulos<\/a>[\/qode_elements_holder_item][\/qode_elements_holder][\/vc_column][\/vc_row][vc_row css_animation=&#8221;&#8221; row_type=&#8221;row&#8221; use_row_as_full_screen_section=&#8221;yes&#8221; type=&#8221;grid&#8221; angled_section=&#8221;no&#8221; text_align=&#8221;center&#8221; background_image_as_pattern=&#8221;without_pattern&#8221; anchor=&#8221;About&#8221; background_image=&#8221;782&#8243; padding_top=&#8221;153&#8243; z_index=&#8221;&#8221; padding_bottom=&#8221;153&#8243; css=&#8221;.vc_custom_1616695067788{background-image: url(http:\/\/territorioslivres.intervozes.org.br\/wp-content\/uploads\/2021\/03\/ELEMENTOSPrancheta-2-copia.png?id=281) !important;background-position: center !important;background-repeat: no-repeat !important;background-size: cover !important;}&#8221;][vc_column][qode_elements_holder number_of_columns=&#8221;one_column&#8221;][qode_elements_holder_item advanced_animations=&#8221;no&#8221; item_padding=&#8221;35px 0 0 0&#8243; item_padding_768_1024=&#8221;0px 0 60px 25px&#8221;][vc_column_text]<\/p>\n<h1><span style=\"color: #ffffff;\">Mapeamento<\/span><\/h1>\n<p>[\/vc_column_text][vc_empty_space height=&#8221;28px&#8221;][vc_empty_space height=&#8221;40px&#8221;]<a  itemprop=\"url\" href=\"https:\/\/territorioslivres.intervozes.org.br\/mapeamento\" target=\"_self\"  class=\"qbutton  small center default\" style=\"\">Acesse os dados<\/a>[\/qode_elements_holder_item][\/qode_elements_holder][\/vc_column][\/vc_row][vc_row css_animation=&#8221;&#8221; row_type=&#8221;row&#8221; use_row_as_full_screen_section=&#8221;yes&#8221; type=&#8221;grid&#8221; angled_section=&#8221;no&#8221; text_align=&#8221;center&#8221; background_image_as_pattern=&#8221;without_pattern&#8221; anchor=&#8221;About&#8221; background_image=&#8221;782&#8243; padding_top=&#8221;153&#8243; z_index=&#8221;&#8221; padding_bottom=&#8221;153&#8243; css=&#8221;.vc_custom_1616695055957{background-image: url(http:\/\/territorioslivres.intervozes.org.br\/wp-content\/uploads\/2021\/03\/ELEMENTOSPrancheta-4.png?id=283) !important;background-position: center !important;background-repeat: no-repeat !important;background-size: cover !important;}&#8221;][vc_column][qode_elements_holder number_of_columns=&#8221;one_column&#8221;][qode_elements_holder_item advanced_animations=&#8221;no&#8221; item_padding=&#8221;35px 0 0 0&#8243; item_padding_768_1024=&#8221;0px 0 60px 25px&#8221;][vc_column_text]<\/p>\n<h1><span style=\"color: #ffffff;\">Podcast<\/span><\/h1>\n<p>[\/vc_column_text][vc_empty_space height=&#8221;28px&#8221;][vc_empty_space height=&#8221;40px&#8221;]<a  itemprop=\"url\" href=\"https:\/\/territorioslivres.intervozes.org.br\/podcast\" target=\"_self\"  class=\"qbutton  small center default\" style=\"\">Ou\u00e7a<\/a>[\/qode_elements_holder_item][\/qode_elements_holder][\/vc_column][\/vc_row][vc_row css_animation=&#8221;&#8221; row_type=&#8221;row&#8221; use_row_as_full_screen_section=&#8221;no&#8221; type=&#8221;full_width&#8221; angled_section=&#8221;no&#8221; text_align=&#8221;left&#8221; background_image_as_pattern=&#8221;without_pattern&#8221;][vc_column][vc_empty_space height=&#8221;150px&#8221;][\/vc_column][\/vc_row][vc_row css_animation=&#8221;&#8221; row_type=&#8221;row&#8221; use_row_as_full_screen_section=&#8221;no&#8221; type=&#8221;grid&#8221; angled_section=&#8221;no&#8221; text_align=&#8221;left&#8221; background_image_as_pattern=&#8221;without_pattern&#8221; z_index=&#8221;&#8221;][vc_column width=&#8221;1\/3&#8243;][vc_single_image image=&#8221;354&#8243; img_size=&#8221;200&#215;200&#8243; alignment=&#8221;center&#8221; qode_css_animation=&#8221;&#8221;][vc_column_text]<\/p>\n<p style=\"text-align: justify;\">O Movimento da Mulher Trabalhadora Rural do Nordeste (MMTR-NE) \u00e9 uma associa\u00e7\u00e3o sem fins lucrativos que defende os direitos das mulheres inseridas nos espa\u00e7os rurais. O MMTR-NE foi fundado em 1986, est\u00e1 presente em nove estados do Nordeste brasileiro e re\u00fane feministas rurais no combate \u00e0 mentalidade de submiss\u00e3o, direito ao territ\u00f3rio e o respeito \u00e0 diversidade das mulheres.<\/p>\n<p>[\/vc_column_text][\/vc_column][vc_column width=&#8221;1\/3&#8243;][vc_single_image image=&#8221;352&#8243; img_size=&#8221;200&#215;200&#8243; alignment=&#8221;center&#8221; qode_css_animation=&#8221;&#8221;][vc_column_text]<\/p>\n<p style=\"text-align: justify;\">A Coordena\u00e7\u00e3o Nacional de Articula\u00e7\u00e3o das Comunidades Negras Rurais Quilombolas (CONAQ) \u00e9 uma organiza\u00e7\u00e3o de \u00e2mbito nacional, sem fins lucrativos que representa a grande maioria dos (as) quilombolas do Brasil. O objetivo da CONAQ \u00e9 lutar pela garantia de uso coletivo do territ\u00f3rio, pela implanta\u00e7\u00e3o de projetos de desenvolvimento sustent\u00e1vel, pela implementa\u00e7\u00e3o de pol\u00edticas p\u00fablicas levando em considera\u00e7\u00e3o a organiza\u00e7\u00e3o das comunidades de quilombo.<\/p>\n<p>[\/vc_column_text][\/vc_column][vc_column width=&#8221;1\/3&#8243;][vc_single_image image=&#8221;353&#8243; img_size=&#8221;200&#215;200&#8243; alignment=&#8221;center&#8221; qode_css_animation=&#8221;&#8221;][vc_column_text]<\/p>\n<div style=\"text-align: justify;\">O Intervozes Coletivo Brasil de Comunica\u00e7\u00e3o Social \u00e9 uma organiza\u00e7\u00e3o que trabalha pela efetiva\u00e7\u00e3o do direito humano \u00e0 comunica\u00e7\u00e3o no Brasil. Para o Intervozes, o direito \u00e0 comunica\u00e7\u00e3o \u00e9 indissoci\u00e1vel do pleno exerc\u00edcio da cidadania e da democracia: uma sociedade s\u00f3 pode ser chamada de democr\u00e1tica quando as diversas vozes, opini\u00f5es, culturas e ra\u00e7as que a comp\u00f5em t\u00eam espa\u00e7o para se manifestar.<\/div>\n<div style=\"text-align: justify;\"><\/div>\n<p>[\/vc_column_text][\/vc_column][\/vc_row][vc_row css_animation=&#8221;&#8221; row_type=&#8221;row&#8221; use_row_as_full_screen_section=&#8221;no&#8221; type=&#8221;full_width&#8221; angled_section=&#8221;no&#8221; text_align=&#8221;left&#8221; background_image_as_pattern=&#8221;without_pattern&#8221;][vc_column][vc_empty_space height=&#8221;150px&#8221;][\/vc_column][\/vc_row]<\/p>\n","protected":false},"excerpt":{"rendered":"<p>[vc_row css_animation=&#8221;&#8221; row_type=&#8221;row&#8221; use_row_as_full_screen_section=&#8221;yes&#8221; type=&#8221;full_width&#8221; angled_section=&#8221;no&#8221; text_align=&#8221;center&#8221; background_image_as_pattern=&#8221;without_pattern&#8221; anchor=&#8221;About&#8221; background_image=&#8221;1168&#8243; padding_top=&#8221;200&#8243; z_index=&#8221;&#8221; padding_bottom=&#8221;180&#8243; css=&#8221;.vc_custom_1617217738141{background-image: url(http:\/\/territorioslivres.intervozes.org.br\/wp-content\/uploads\/2021\/03\/Banners-Home.png?id=277)&#8230;<\/p>\n","protected":false},"author":1,"featured_media":0,"parent":0,"menu_order":0,"comment_status":"closed","ping_status":"closed","template":"full_width.php","meta":{"footnotes":""},"aioseo_notices":[],"_links":{"self":[{"href":"https:\/\/territorioslivres.intervozes.org.br\/index.php?rest_route=\/wp\/v2\/pages\/7"}],"collection":[{"href":"https:\/\/territorioslivres.intervozes.org.br\/index.php?rest_route=\/wp\/v2\/pages"}],"about":[{"href":"https:\/\/territorioslivres.intervozes.org.br\/index.php?rest_route=\/wp\/v2\/types\/page"}],"author":[{"embeddable":true,"href":"https:\/\/territorioslivres.intervozes.org.br\/index.php?rest_route=\/wp\/v2\/users\/1"}],"replies":[{"embeddable":true,"href":"https:\/\/territorioslivres.intervozes.org.br\/index.php?rest_route=%2Fwp%2Fv2%2Fcomments&post=7"}],"version-history":[{"count":26,"href":"https:\/\/territorioslivres.intervozes.org.br\/index.php?rest_route=\/wp\/v2\/pages\/7\/revisions"}],"predecessor-version":[{"id":448,"href":"https:\/\/territorioslivres.intervozes.org.br\/index.php?rest_route=\/wp\/v2\/pages\/7\/revisions\/448"}],"wp:attachment":[{"href":"https:\/\/territorioslivres.intervozes.org.br\/index.php?rest_route=%2Fwp%2Fv2%2Fmedia&parent=7"}],"curies":[{"name":"wp","href":"https:\/\/api.w.org\/{rel}","templated":true}]}}